{"id":9503,"date":"2025-01-12T23:04:01","date_gmt":"2025-01-12T22:04:01","guid":{"rendered":"https:\/\/destyneo.com\/?page_id=9503"},"modified":"2025-01-12T23:04:02","modified_gmt":"2025-01-12T22:04:02","slug":"mi-gata","status":"publish","type":"page","link":"https:\/\/destyneo.com\/es\/mi-gata\/","title":{"rendered":"Mi gata"},"content":{"rendered":"<span class=\"span-reading-time rt-reading-time\" style=\"display: block;\"><span class=\"rt-label rt-prefix\">Lecture \/ Reading \/ Lectura :<\/span> <span class=\"rt-time\"> &lt; 1<\/span> <span class=\"rt-label rt-postfix\">minute \/ minuto<\/span><\/span>\n<p>Desde el covid, quise adoptar un gato para mi hija porque ten\u00eda buenos recuerdos de mi infancia con un gatito y un gato. En el verano de 2022 se present\u00f3 la oportunidad. Nos enamoramos instant\u00e1neamente de esta adorable bola de pelo.<\/p>\n\n\n\n<figure class=\"wp-block-gallery has-nested-images columns-default is-cropped wp-block-gallery-1 is-layout-flex wp-block-gallery-is-layout-flex\">\n<figure class=\"wp-block-image size-large\"><img loading=\"lazy\" decoding=\"async\" width=\"794\" height=\"1024\" data-id=\"9504\" src=\"https:\/\/destyneo.com\/wp-content\/uploads\/2025\/01\/Screenshot_20221003-221237_Facebook-794x1024.jpg\" alt=\"\" class=\"wp-image-9504\" srcset=\"https:\/\/destyneo.com\/wp-content\/uploads\/2025\/01\/Screenshot_20221003-221237_Facebook-794x1024.jpg 794w, https:\/\/destyneo.com\/wp-content\/uploads\/2025\/01\/Screenshot_20221003-221237_Facebook-233x300.jpg 233w, https:\/\/destyneo.com\/wp-content\/uploads\/2025\/01\/Screenshot_20221003-221237_Facebook-768x990.jpg 768w, https:\/\/destyneo.com\/wp-content\/uploads\/2025\/01\/Screenshot_20221003-221237_Facebook.jpg 1080w\" sizes=\"auto, (max-width: 794px) 100vw, 794px\" \/><\/figure>\n\n\n\n<figure class=\"wp-block-image size-large\"><img loading=\"lazy\" decoding=\"async\" width=\"777\" height=\"1024\" data-id=\"9505\" src=\"https:\/\/destyneo.com\/wp-content\/uploads\/2025\/01\/Screenshot_20221003-221242_Facebook-777x1024.jpg\" alt=\"\" class=\"wp-image-9505\" srcset=\"https:\/\/destyneo.com\/wp-content\/uploads\/2025\/01\/Screenshot_20221003-221242_Facebook-777x1024.jpg 777w, https:\/\/destyneo.com\/wp-content\/uploads\/2025\/01\/Screenshot_20221003-221242_Facebook-228x300.jpg 228w, https:\/\/destyneo.com\/wp-content\/uploads\/2025\/01\/Screenshot_20221003-221242_Facebook-768x1013.jpg 768w, https:\/\/destyneo.com\/wp-content\/uploads\/2025\/01\/Screenshot_20221003-221242_Facebook.jpg 1080w\" sizes=\"auto, (max-width: 777px) 100vw, 777px\" \/><\/figure>\n<\/figure>\n\n\n\n<blockquote class=\"wp-block-quote is-layout-flow wp-block-quote-is-layout-flow\">\n<p>\u201cNada es m\u00e1s suave, nada da a la piel una sensaci\u00f3n m\u00e1s delicada, m\u00e1s refinada, m\u00e1s rara que el pelaje c\u00e1lido y vibrante de un gato. \u00bb Guy de Maupassant<\/p>\n<\/blockquote>\n\n\n\n<p>Fue a finales de noviembre de 2022 cuando pudimos dar la bienvenida a casa a Tara, una magn\u00edfica gata British long hair, es decir, una gata de pelo largo.<\/p>\n\n\n\n<figure class=\"wp-block-gallery has-nested-images columns-default is-cropped wp-block-gallery-2 is-layout-flex wp-block-gallery-is-layout-flex\">\n<figure class=\"wp-block-image size-large\"><img loading=\"lazy\" decoding=\"async\" width=\"573\" height=\"1024\" data-id=\"9514\" src=\"https:\/\/destyneo.com\/wp-content\/uploads\/2025\/01\/received_713814660452523-1-573x1024.jpeg\" alt=\"\" class=\"wp-image-9514\" srcset=\"https:\/\/destyneo.com\/wp-content\/uploads\/2025\/01\/received_713814660452523-1-573x1024.jpeg 573w, https:\/\/destyneo.com\/wp-content\/uploads\/2025\/01\/received_713814660452523-1-168x300.jpeg 168w, https:\/\/destyneo.com\/wp-content\/uploads\/2025\/01\/received_713814660452523-1-768x1372.jpeg 768w, https:\/\/destyneo.com\/wp-content\/uploads\/2025\/01\/received_713814660452523-1-860x1536.jpeg 860w, https:\/\/destyneo.com\/wp-content\/uploads\/2025\/01\/received_713814660452523-1.jpeg 1146w\" sizes=\"auto, (max-width: 573px) 100vw, 573px\" \/><\/figure>\n\n\n\n<figure class=\"wp-block-image size-large\"><img loading=\"lazy\" decoding=\"async\" width=\"573\" height=\"1024\" data-id=\"9515\" src=\"https:\/\/destyneo.com\/wp-content\/uploads\/2025\/01\/received_1313654169367248-1-573x1024.jpeg\" alt=\"\" class=\"wp-image-9515\" srcset=\"https:\/\/destyneo.com\/wp-content\/uploads\/2025\/01\/received_1313654169367248-1-573x1024.jpeg 573w, https:\/\/destyneo.com\/wp-content\/uploads\/2025\/01\/received_1313654169367248-1-168x300.jpeg 168w, https:\/\/destyneo.com\/wp-content\/uploads\/2025\/01\/received_1313654169367248-1-768x1372.jpeg 768w, https:\/\/destyneo.com\/wp-content\/uploads\/2025\/01\/received_1313654169367248-1-860x1536.jpeg 860w, https:\/\/destyneo.com\/wp-content\/uploads\/2025\/01\/received_1313654169367248-1.jpeg 1146w\" sizes=\"auto, (max-width: 573px) 100vw, 573px\" \/><\/figure>\n<\/figure>\n\n\n\n<blockquote class=\"wp-block-quote is-layout-flow wp-block-quote-is-layout-flow\">\n<p>\u201cHay bellezas que superan el vocabulario. Los gatos pertenecen a este orden. \u00bb Louis Nuc\u00e9ra<\/p>\n<\/blockquote>\n\n\n\n<p>Entusiasmada con nuestro peque\u00f1o animal de \u00abpeluche\u00bb viviente, compart\u00ed, a principios de 2023, <a href=\"https:\/\/www.facebook.com\/destyneoespanol\/posts\/pfbid02HzPFRXai9vVN1ATEj2WoRQduFGh88J74DpQhJ1Y6153vLM5zZ32f5Me4URk9QHzql\" target=\"_blank\" rel=\"noopener\" title=\"\">alrededor de diez videos<\/a> en TikTok de las aventuras de Tara. 2 a\u00f1os despu\u00e9s, naci\u00f3 una cuenta de Instagram. \u00a1As\u00ed que invito a todos los fan\u00e1ticos de los gatos a que vengan y sigan la cuenta de Insta <a href=\"https:\/\/www.instagram.com\/tara_la_gata_linda\/\" target=\"_blank\" rel=\"noopener\" title=\"\">Tara_la_gata_linda<\/a>!<\/p>\n\n\n<div class=\"wp-block-image\">\n<figure class=\"aligncenter size-large is-resized\"><img loading=\"lazy\" decoding=\"async\" width=\"1024\" height=\"1024\" src=\"https:\/\/destyneo.com\/wp-content\/uploads\/2025\/01\/IMG_20241203_053535_067-1024x1024.webp\" alt=\"\" class=\"wp-image-9521\" style=\"width:333px;height:auto\" srcset=\"https:\/\/destyneo.com\/wp-content\/uploads\/2025\/01\/IMG_20241203_053535_067-1024x1024.webp 1024w, https:\/\/destyneo.com\/wp-content\/uploads\/2025\/01\/IMG_20241203_053535_067-300x300.webp 300w, https:\/\/destyneo.com\/wp-content\/uploads\/2025\/01\/IMG_20241203_053535_067-150x150.webp 150w, https:\/\/destyneo.com\/wp-content\/uploads\/2025\/01\/IMG_20241203_053535_067-768x768.webp 768w, https:\/\/destyneo.com\/wp-content\/uploads\/2025\/01\/IMG_20241203_053535_067-1536x1536.webp 1536w, https:\/\/destyneo.com\/wp-content\/uploads\/2025\/01\/IMG_20241203_053535_067-2048x2048.webp 2048w, https:\/\/destyneo.com\/wp-content\/uploads\/2025\/01\/IMG_20241203_053535_067-230x230.webp 230w\" sizes=\"auto, (max-width: 1024px) 100vw, 1024px\" \/><\/figure><\/div>\n\n\n<blockquote class=\"wp-block-quote is-layout-flow wp-block-quote-is-layout-flow\">\n<p>\u201cHay dos maneras de olvidar las preocupaciones de la vida: la m\u00fasica y los gatos. \u00bbAlbert Schweitzer<\/p>\n<\/blockquote>\n","protected":false},"excerpt":{"rendered":"<p><span class=\"span-reading-time rt-reading-time\" style=\"display: block;\"><span class=\"rt-label rt-prefix\">Lecture \/ Reading \/ Lectura :<\/span> <span class=\"rt-time\"> &lt; 1<\/span> <span class=\"rt-label rt-postfix\">minute \/ minuto<\/span><\/span>Desde el covid, quise adoptar un gato para mi hija porque ten\u00eda buenos recuerdos de mi infancia con un gatito y un gato. En el verano de 2022 se present\u00f3 la oportunidad. Nos enamoramos instant\u00e1neamente de esta adorable bola de&hellip; <\/p>\n","protected":false},"author":1,"featured_media":0,"parent":0,"menu_order":0,"comment_status":"closed","ping_status":"closed","template":"","meta":{"_monsterinsights_skip_tracking":false,"_monsterinsights_sitenote_active":false,"_monsterinsights_sitenote_note":"","_monsterinsights_sitenote_category":0,"footnotes":""},"class_list":["post-9503","page","type-page","status-publish","hentry"],"aioseo_notices":[],"_links":{"self":[{"href":"https:\/\/destyneo.com\/es\/wp-json\/wp\/v2\/pages\/9503","targetHints":{"allow":["GET"]}}],"collection":[{"href":"https:\/\/destyneo.com\/es\/wp-json\/wp\/v2\/pages"}],"about":[{"href":"https:\/\/destyneo.com\/es\/wp-json\/wp\/v2\/types\/page"}],"author":[{"embeddable":true,"href":"https:\/\/destyneo.com\/es\/wp-json\/wp\/v2\/users\/1"}],"replies":[{"embeddable":true,"href":"https:\/\/destyneo.com\/es\/wp-json\/wp\/v2\/comments?post=9503"}],"version-history":[{"count":0,"href":"https:\/\/destyneo.com\/es\/wp-json\/wp\/v2\/pages\/9503\/revisions"}],"wp:attachment":[{"href":"https:\/\/destyneo.com\/es\/wp-json\/wp\/v2\/media?parent=9503"}],"curies":[{"name":"wp","href":"https:\/\/api.w.org\/{rel}","templated":true}]}}