{"id":91,"date":"2016-01-06T22:12:25","date_gmt":"2016-01-06T21:12:25","guid":{"rendered":"http:\/\/destyneo.com\/es\/?page_id=91"},"modified":"2023-02-24T11:57:18","modified_gmt":"2023-02-24T10:57:18","slug":"destinos","status":"publish","type":"page","link":"https:\/\/destyneo.com\/es\/destinos\/","title":{"rendered":"Destinos"},"content":{"rendered":"<span class=\"span-reading-time rt-reading-time\" style=\"display: block;\"><span class=\"rt-label rt-prefix\">Lecture \/ Reading \/ Lectura :<\/span> <span class=\"rt-time\"> &lt; 1<\/span> <span class=\"rt-label rt-postfix\">minute \/ minuto<\/span><\/span>\n<p class=\"has-white-color has-text-color\">&#8211;<\/p>\n\n\n\n<p>Descubre los pa\u00edses que he visitado&#8230; <\/p>\n\n\n\n<p>De momento no he tenido tiempo de contar muchos viajes <br>(s\u00f3lo unos pocos en Francia y el de los Emiratos \u00c1rabes Unidos).<\/p>\n\n\n\n\n\n<p class=\"has-white-color has-text-color\">&#8211;<\/p>\n\n\n\n<p>Si desea que hable sobre mis viajes en un pa\u00eds en particular, h\u00e1gamelo saber a trav\u00e9s del <a href=\"https:\/\/destyneo.com\/es\/contacto\/\" target=\"_blank\" rel=\"noopener\" title=\"\">formulario de contacto<\/a>.<\/p>\n","protected":false},"excerpt":{"rendered":"<p><span class=\"span-reading-time rt-reading-time\" style=\"display: block;\"><span class=\"rt-label rt-prefix\">Lecture \/ Reading \/ Lectura :<\/span> <span class=\"rt-time\"> &lt; 1<\/span> <span class=\"rt-label rt-postfix\">minute \/ minuto<\/span><\/span>&#8211; Descubre los pa\u00edses que he visitado&#8230; De momento no he tenido tiempo de contar muchos viajes (s\u00f3lo unos pocos en Francia y el de los Emiratos \u00c1rabes Unidos). &#8211; Si desea que hable sobre mis viajes en un pa\u00eds&hellip; <\/p>\n","protected":false},"author":1,"featured_media":7507,"parent":0,"menu_order":2,"comment_status":"closed","ping_status":"closed","template":"","meta":{"_monsterinsights_skip_tracking":false,"_monsterinsights_sitenote_active":false,"_monsterinsights_sitenote_note":"","_monsterinsights_sitenote_category":0,"footnotes":""},"class_list":["post-91","page","type-page","status-publish","has-post-thumbnail","hentry"],"aioseo_notices":[],"_links":{"self":[{"href":"https:\/\/destyneo.com\/es\/wp-json\/wp\/v2\/pages\/91","targetHints":{"allow":["GET"]}}],"collection":[{"href":"https:\/\/destyneo.com\/es\/wp-json\/wp\/v2\/pages"}],"about":[{"href":"https:\/\/destyneo.com\/es\/wp-json\/wp\/v2\/types\/page"}],"author":[{"embeddable":true,"href":"https:\/\/destyneo.com\/es\/wp-json\/wp\/v2\/users\/1"}],"replies":[{"embeddable":true,"href":"https:\/\/destyneo.com\/es\/wp-json\/wp\/v2\/comments?post=91"}],"version-history":[{"count":0,"href":"https:\/\/destyneo.com\/es\/wp-json\/wp\/v2\/pages\/91\/revisions"}],"wp:featuredmedia":[{"embeddable":true,"href":"https:\/\/destyneo.com\/es\/wp-json\/wp\/v2\/media\/7507"}],"wp:attachment":[{"href":"https:\/\/destyneo.com\/es\/wp-json\/wp\/v2\/media?parent=91"}],"curies":[{"name":"wp","href":"https:\/\/api.w.org\/{rel}","templated":true}]}}