{"id":86,"date":"2016-01-06T22:12:09","date_gmt":"2016-01-06T21:12:09","guid":{"rendered":"http:\/\/destyneo.com\/es\/?page_id=86"},"modified":"2024-01-01T13:27:43","modified_gmt":"2024-01-01T12:27:43","slug":"inicio","status":"publish","type":"page","link":"https:\/\/destyneo.com\/es\/inicio\/","title":{"rendered":"Inicio"},"content":{"rendered":"<span class=\"span-reading-time rt-reading-time\" style=\"display: block;\"><span class=\"rt-label rt-prefix\">Lecture \/ Reading \/ Lectura :<\/span> <span class=\"rt-time\"> &lt; 1<\/span> <span class=\"rt-label rt-postfix\">minute \/ minuto<\/span><\/span>\n<p>&#x1f31f; Feliz A\u00f1o Nuevo 2024 &#x1f31f;<\/p>\n\n\n\n<figure class=\"wp-block-image size-large\"><img loading=\"lazy\" decoding=\"async\" width=\"1024\" height=\"739\" src=\"https:\/\/destyneo.com\/wp-content\/uploads\/2024\/01\/1d82faca431c4badf023dce04881c2b1_11-1024x739.jpeg\" alt=\"\" class=\"wp-image-8276\" srcset=\"https:\/\/destyneo.com\/wp-content\/uploads\/2024\/01\/1d82faca431c4badf023dce04881c2b1_11-1024x739.jpeg 1024w, https:\/\/destyneo.com\/wp-content\/uploads\/2024\/01\/1d82faca431c4badf023dce04881c2b1_11-300x217.jpeg 300w, https:\/\/destyneo.com\/wp-content\/uploads\/2024\/01\/1d82faca431c4badf023dce04881c2b1_11-768x554.jpeg 768w, https:\/\/destyneo.com\/wp-content\/uploads\/2024\/01\/1d82faca431c4badf023dce04881c2b1_11-474x342.jpeg 474w, https:\/\/destyneo.com\/wp-content\/uploads\/2024\/01\/1d82faca431c4badf023dce04881c2b1_11.jpeg 1496w\" sizes=\"auto, (max-width: 1024px) 100vw, 1024px\" \/><\/figure>\n\n\n\n<p>&#x1f338;<a href=\"https:\/\/www.tiktok.com\/@destyneo\/video\/7213386312659799301?lang=fr\" target=\"_blank\" rel=\"noreferrer noopener\">La primavera ya est\u00e1 aqu\u00ed<\/a> ! &#x1f338;<\/p>\n\n\n\n<figure class=\"wp-block-image size-large\"><img loading=\"lazy\" decoding=\"async\" width=\"1024\" height=\"251\" src=\"https:\/\/destyneo.com\/wp-content\/uploads\/2023\/03\/cropped-Ajouter-un-titre-2-1024x251.png\" alt=\"\" class=\"wp-image-7584\" srcset=\"https:\/\/destyneo.com\/wp-content\/uploads\/2023\/03\/cropped-Ajouter-un-titre-2-1024x251.png 1024w, https:\/\/destyneo.com\/wp-content\/uploads\/2023\/03\/cropped-Ajouter-un-titre-2-300x73.png 300w, https:\/\/destyneo.com\/wp-content\/uploads\/2023\/03\/cropped-Ajouter-un-titre-2-768x188.png 768w, https:\/\/destyneo.com\/wp-content\/uploads\/2023\/03\/cropped-Ajouter-un-titre-2.png 1500w\" sizes=\"auto, (max-width: 1024px) 100vw, 1024px\" \/><\/figure>\n\n\n\n<p class=\"has-text-align-left\"><img loading=\"lazy\" decoding=\"async\" height=\"16\" width=\"16\" src=\"https:\/\/static.xx.fbcdn.net\/images\/emoji.php\/v9\/tf1\/1\/16\/1f537.png\" alt=\"&#x1f537;\"> Hola a todos y feliz a\u00f1o nuevo 2023! <img loading=\"lazy\" decoding=\"async\" height=\"16\" width=\"16\" src=\"https:\/\/static.xx.fbcdn.net\/images\/emoji.php\/v9\/tf1\/1\/16\/1f537.png\" alt=\"&#x1f537;\"><\/p>\n\n\n\n<figure class=\"wp-block-image size-large\"><img decoding=\"async\" src=\"https:\/\/destyneo.com\/wp-content\/uploads\/2023\/01\/Feliz-ano-2023-1024x819.png\" alt=\"\" class=\"wp-image-6464\"\/><\/figure>\n\n\n\n<p>Para mantenerte informado, puedes unirte a <a href=\"https:\/\/www.facebook.com\/destyneoespanol\/\" target=\"_blank\" rel=\"noopener\" title=\"\">mi pagina de Facebook<\/a>.<\/p>\n\n\n\n<p class=\"has-text-align-center\">No dudes en invitar a tus amigos. <\/p>\n","protected":false},"excerpt":{"rendered":"<p><span class=\"span-reading-time rt-reading-time\" style=\"display: block;\"><span class=\"rt-label rt-prefix\">Lecture \/ Reading \/ Lectura :<\/span> <span class=\"rt-time\"> &lt; 1<\/span> <span class=\"rt-label rt-postfix\">minute \/ minuto<\/span><\/span>&#x1f31f; Feliz A\u00f1o Nuevo 2024 &#x1f31f; &#x1f338;La primavera ya est\u00e1 aqu\u00ed ! &#x1f338; Hola a todos y feliz a\u00f1o nuevo 2023! Para mantenerte informado, puedes unirte a mi pagina de Facebook. No dudes en invitar a tus amigos.<\/p>\n","protected":false},"author":1,"featured_media":0,"parent":0,"menu_order":1,"comment_status":"closed","ping_status":"closed","template":"","meta":{"_monsterinsights_skip_tracking":false,"_monsterinsights_sitenote_active":false,"_monsterinsights_sitenote_note":"","_monsterinsights_sitenote_category":0,"footnotes":""},"class_list":["post-86","page","type-page","status-publish","hentry"],"aioseo_notices":[],"_links":{"self":[{"href":"https:\/\/destyneo.com\/es\/wp-json\/wp\/v2\/pages\/86","targetHints":{"allow":["GET"]}}],"collection":[{"href":"https:\/\/destyneo.com\/es\/wp-json\/wp\/v2\/pages"}],"about":[{"href":"https:\/\/destyneo.com\/es\/wp-json\/wp\/v2\/types\/page"}],"author":[{"embeddable":true,"href":"https:\/\/destyneo.com\/es\/wp-json\/wp\/v2\/users\/1"}],"replies":[{"embeddable":true,"href":"https:\/\/destyneo.com\/es\/wp-json\/wp\/v2\/comments?post=86"}],"version-history":[{"count":0,"href":"https:\/\/destyneo.com\/es\/wp-json\/wp\/v2\/pages\/86\/revisions"}],"wp:attachment":[{"href":"https:\/\/destyneo.com\/es\/wp-json\/wp\/v2\/media?parent=86"}],"curies":[{"name":"wp","href":"https:\/\/api.w.org\/{rel}","templated":true}]}}