{"id":6525,"date":"2021-09-29T21:38:49","date_gmt":"2021-09-29T20:38:49","guid":{"rendered":"https:\/\/destyneo.com\/sobre\/apoyame\/"},"modified":"2023-02-16T18:44:15","modified_gmt":"2023-02-16T17:44:15","slug":"apoyame","status":"publish","type":"page","link":"https:\/\/destyneo.com\/es\/sobre\/apoyame\/","title":{"rendered":"Para apoyarme"},"content":{"rendered":"<span class=\"span-reading-time rt-reading-time\" style=\"display: block;\"><span class=\"rt-label rt-prefix\">Lecture \/ Reading \/ Lectura :<\/span> <span class=\"rt-time\"> 2<\/span> <span class=\"rt-label rt-postfix\">minutes \/ minutos<\/span><\/span>\n<p>Hola !<\/p>\n\n\n\n<p>Ya puedes apoyar mi trabajo a trav\u00e9s de <a href=\"https:\/\/en.tipeee.com\/destyneocom\" target=\"_blank\" rel=\"noopener\" title=\"\">mi cuenta de Tipee<\/a> \ud83d\ude00<\/p>\n\n\n\n<p>1\u20ac &#8211; Un gesto simb\u00f3lico, porque lo que cuenta es la intenci\u00f3n. <\/p>\n\n\n\n<p>5\u20ac &#8211; Cinco semillas peque\u00f1as, para seguir sembrando, enjambrar. <\/p>\n\n\n\n<p>10\u20ac &#8211; Diez gotitas, en honor a la f\u00e1bula del colibr\u00ed. <\/p>\n\n\n\n<p>20\u20ac &#8211; Veinte rayos de sol, para hacer crecer y compartir las ideas. <\/p>\n\n\n\n<p>50\u20ac &#8211; Cincuenta sonrisas, para agradecer esta oleada de generosidad. <\/p>\n\n\n\n<p>100\u20ac &#8211; Cien palabras m\u00e1gicas, para expresarte mi infinita gratitud.<\/p>\n\n\n\n<figure class=\"wp-block-gallery has-nested-images columns-default is-cropped wp-block-gallery-1 is-layout-flex wp-block-gallery-is-layout-flex\">\n<figure class=\"wp-block-image size-large\"><img loading=\"lazy\" decoding=\"async\" width=\"1024\" height=\"616\" data-id=\"7369\" src=\"https:\/\/destyneo.com\/wp-content\/uploads\/2023\/02\/Dons-Tipee-1024x616.png\" alt=\"\" class=\"wp-image-7369\" srcset=\"https:\/\/destyneo.com\/wp-content\/uploads\/2023\/02\/Dons-Tipee-1024x616.png 1024w, https:\/\/destyneo.com\/wp-content\/uploads\/2023\/02\/Dons-Tipee-300x180.png 300w, https:\/\/destyneo.com\/wp-content\/uploads\/2023\/02\/Dons-Tipee-768x462.png 768w, https:\/\/destyneo.com\/wp-content\/uploads\/2023\/02\/Dons-Tipee-1536x924.png 1536w, https:\/\/destyneo.com\/wp-content\/uploads\/2023\/02\/Dons-Tipee.png 1901w\" sizes=\"auto, (max-width: 1024px) 100vw, 1024px\" \/><\/figure>\n<\/figure>\n\n\n\n<p class=\"has-vivid-cyan-blue-color has-text-color has-medium-font-size\"><strong>\u00bfQui\u00e9n soy y qu\u00e9 tipo de contenido estoy produciendo?<\/strong><\/p>\n\n\n\n<p>Soy Cindy, te invito a leer <a href=\"https:\/\/destyneo.com\/es\/sobre\/mi\/\" target=\"_blank\" rel=\"noopener\" title=\"\">mi presentaci\u00f3n<\/a> si quieres saber m\u00e1s sobre mis antecedentes.<\/p>\n\n\n\n<p>Produzco diferentes contenidos:<\/p>\n\n\n\n<p>&#8211;&gt; En mi sitio web, escribo <strong>art\u00edculos sint\u00e9ticos tem\u00e1ticos<\/strong>, a veces con <strong>an\u00e1lisis gr\u00e1ficos<\/strong>, y los actualizo regularmente (an\u00e1lisis de los votos de los politicos, crisis sanitaria, pedocrimen, desperdicio cero, discapacidad, iniciativas ciudadanas, viajes, recetas de cocina, etc.).<\/p>\n\n\n\n<p>No dude en suscribirse al <strong>bolet\u00edn<\/strong> directamente <a href=\"https:\/\/destyneo.com\/es\/inicio\/\" target=\"_blank\" rel=\"noopener\" title=\"\">en el sitio<\/a>.<\/p>\n\n\n\n<p>&#8211;&gt; En <a href=\"https:\/\/www.facebook.com\/destyneoespanol\/\" target=\"_blank\" rel=\"noopener\" title=\"\">mi p\u00e1gina de Facebook<\/a> y <a href=\"https:\/\/t.me\/destyneo\" target=\"_blank\" rel=\"noopener\" title=\"\">mi canal de Telegram franc\u00e9s<\/a>, puedes encontrar mis m\u00faltiples <strong>acciones de cabildeo ciudadano<\/strong> con diversas administraciones p\u00fablicas, empresas, ciudadanos, etc. (adem\u00e1s de enlaces a mis art\u00edculos).<\/p>\n\n\n\n<p>&#8211;&gt; En <a href=\"https:\/\/www.tiktok.com\/@cindycleta\" target=\"_blank\" rel=\"noopener\" title=\"\">Tiktok<\/a> y en <a href=\"https:\/\/www.youtube.com\/channel\/UCFXNg-CgjOIGxaEuIn_PTQQ\" target=\"_blank\" rel=\"noopener\" title=\"\">mi canal de Youtube<\/a> realizo <strong>videomontajes<\/strong> resistentes y personales. Tambi\u00e9n co-constru\u00ed una lista de reproducci\u00f3n de canciones sobre el tema de la resistencia y la libertad.<\/p>\n\n\n\n<p>Estoy un poco menos activa en otras redes sociales (<a href=\"https:\/\/twitter.com\/CindyDestyneo\" target=\"_blank\" rel=\"noopener\" title=\"\">Twitter<\/a>, <a href=\"https:\/\/www.instagram.com\/cindy.destyneo\/\" target=\"_blank\" rel=\"noopener\" title=\"\">Instagram<\/a>, <a href=\"https:\/\/www.linkedin.com\/in\/cindyschoeny\/?locale=es_ES\" target=\"_blank\" rel=\"noopener\" title=\"\">LinkedIn<\/a>) pero a\u00fan puedes suscribirte \ud83d\ude42<\/p>\n\n\n\n<p class=\"has-vivid-cyan-blue-color has-text-color has-medium-font-size\"><strong>\u00bfPor qu\u00e9 estoy en Tipee?<\/strong><\/p>\n\n\n\n<p>Mi trabajo es totalmente <strong>voluntario<\/strong>. Por eso configur\u00e9 esta cuenta de Tipee. <em><strong>A partir de 1\u20ac, t\u00fa decides cuantos quieres dar seg\u00fan tus posibilidades y tus deseos. \u00a1Infinitamente gracias!<\/strong><\/em><\/p>\n\n\n\n<p>Me encanta poder ser <strong>libre e independiente<\/strong> y <strong>actuar por el bien com\u00fan<\/strong>. Poder vivir de ello ser\u00eda estupendo.<\/p>\n\n\n\n<p>Este dinero me permitir\u00e1, por ejemplo, reembolsar los gastos ya comprometidos y por venir tales como el alojamiento del sitio, el nombre de dominio, elementos gr\u00e1ficos, el software multiling\u00fce, publicidad para difundir informaci\u00f3n de inter\u00e9s general y si eso lo permite, equipo de c\u00f3mputo y mi horario de trabajo.<\/p>\n\n\n\n<p>Acepto regalos no monetarios (trueque, mundo sin dinero).<\/p>\n\n\n\n<p class=\"has-vivid-cyan-blue-color has-text-color has-medium-font-size\"><strong>Transparencia en ingresos y gastos<\/strong> (2015 &#8211; 2023)<\/p>\n\n\n\n<p>Ingresos: 5\u20ac<\/p>\n\n\n\n<p>Gastos : 1 905\u20ac <\/p>\n\n\n\n<p><strong><em>Balance : &#8211; 1 900\u20ac<\/em><\/strong><\/p>\n\n\n\n<p class=\"has-vivid-cyan-blue-color has-text-color has-medium-font-size\"><strong>\u00bfCu\u00e1les son las contrapartidas?<\/strong><\/p>\n\n\n\n<p>Me comprometo a escribir <strong>art\u00edculos sint\u00e9ticos<\/strong> sobre diferentes temas para que sean <strong>f\u00e1cilmente comprensibles y compartibles<\/strong>.<\/p>\n\n\n\n<p>Me comprometo a <strong>traducir mis art\u00edculos<\/strong> tanto como sea posible <strong>al ingl\u00e9s y al espa\u00f1ol<\/strong> seg\u00fan el tiempo disponible.<\/p>\n\n\n\n<p>Me comprometo a compartir <strong>informaci\u00f3n fidedigna<\/strong> y, si hay alg\u00fan error, lo corregir\u00e9.<\/p>\n\n\n\n<p>Actuar\u00e9 de acuerdo con mis <strong>valores<\/strong> (justicia, verdad, dignidad) y el <strong>inter\u00e9s com\u00fan<\/strong>.<\/p>\n\n\n\n<p>No colocar\u00e9 publicidad remunerada en mi sitio o en mi contenido.<\/p>\n\n\n\n<p>Si quieres que configure recompensas de golosinas, no dudes en hac\u00e9rmelo saber y podr\u00eda configurarlo \ud83d\ude42<\/p>\n\n\n\n<p>Para cualquier otra pregunta o sugerencia, no dude en ponerse en contacto conmigo a trav\u00e9s <a href=\"https:\/\/destyneo.com\/es\/contacto\/\" target=\"_blank\" rel=\"noopener\" title=\"\">del formulario de contacto en mi sitio<\/a>.<\/p>\n\n\n\n<p>Hasta pronto !<\/p>\n","protected":false},"excerpt":{"rendered":"<p><span class=\"span-reading-time rt-reading-time\" style=\"display: block;\"><span class=\"rt-label rt-prefix\">Lecture \/ Reading \/ Lectura :<\/span> <span class=\"rt-time\"> 2<\/span> <span class=\"rt-label rt-postfix\">minutes \/ minutos<\/span><\/span>Hola ! Ya puedes apoyar mi trabajo a trav\u00e9s de mi cuenta de Tipee \ud83d\ude00 1\u20ac &#8211; Un gesto simb\u00f3lico, porque lo que cuenta es la intenci\u00f3n. 5\u20ac &#8211; Cinco semillas peque\u00f1as, para seguir sembrando, enjambrar. 10\u20ac &#8211; Diez gotitas,&hellip; <\/p>\n","protected":false},"author":1,"featured_media":3057,"parent":133,"menu_order":2,"comment_status":"closed","ping_status":"closed","template":"","meta":{"_monsterinsights_skip_tracking":false,"_monsterinsights_sitenote_active":false,"_monsterinsights_sitenote_note":"","_monsterinsights_sitenote_category":0,"footnotes":""},"class_list":["post-6525","page","type-page","status-publish","has-post-thumbnail","hentry"],"aioseo_notices":[],"_links":{"self":[{"href":"https:\/\/destyneo.com\/es\/wp-json\/wp\/v2\/pages\/6525","targetHints":{"allow":["GET"]}}],"collection":[{"href":"https:\/\/destyneo.com\/es\/wp-json\/wp\/v2\/pages"}],"about":[{"href":"https:\/\/destyneo.com\/es\/wp-json\/wp\/v2\/types\/page"}],"author":[{"embeddable":true,"href":"https:\/\/destyneo.com\/es\/wp-json\/wp\/v2\/users\/1"}],"replies":[{"embeddable":true,"href":"https:\/\/destyneo.com\/es\/wp-json\/wp\/v2\/comments?post=6525"}],"version-history":[{"count":0,"href":"https:\/\/destyneo.com\/es\/wp-json\/wp\/v2\/pages\/6525\/revisions"}],"up":[{"embeddable":true,"href":"https:\/\/destyneo.com\/es\/wp-json\/wp\/v2\/pages\/133"}],"wp:featuredmedia":[{"embeddable":true,"href":"https:\/\/destyneo.com\/es\/wp-json\/wp\/v2\/media\/3057"}],"wp:attachment":[{"href":"https:\/\/destyneo.com\/es\/wp-json\/wp\/v2\/media?parent=6525"}],"curies":[{"name":"wp","href":"https:\/\/api.w.org\/{rel}","templated":true}]}}