{"id":6522,"date":"2022-10-13T14:04:10","date_gmt":"2022-10-13T13:04:10","guid":{"rendered":"https:\/\/destyneo.com\/sobre\/libro-de-visitas\/"},"modified":"2023-01-24T23:34:47","modified_gmt":"2023-01-24T22:34:47","slug":"libro-de-visitas","status":"publish","type":"page","link":"https:\/\/destyneo.com\/es\/sobre\/libro-de-visitas\/","title":{"rendered":"Libro de visitas"},"content":{"rendered":"<span class=\"span-reading-time rt-reading-time\" style=\"display: block;\"><span class=\"rt-label rt-prefix\">Lecture \/ Reading \/ Lectura :<\/span> <span class=\"rt-time\"> &lt; 1<\/span> <span class=\"rt-label rt-postfix\">minute \/ minuto<\/span><\/span>\n<p>A trav\u00e9s de mi blog, quiero compartir informaci\u00f3nes sobre diferentes temas. Algunos escritos llegar\u00e1n al coraz\u00f3n, otros ser\u00e1n m\u00e1s pragm\u00e1ticos, dar\u00e1n buenos consejos, y otros simplemente tratar\u00e1n de anclar la realidad frente al mundo de la mentira.<\/p>\n\n\n\n<p>Mi blog no es muy conocido, ya que obviamente es m\u00e1s f\u00e1cil llegar a la gente con v\u00eddeos cortos de TikTok que con escritos largos. Escribir es un ejercicio que me permite sobre todo vivir m\u00e1s conscientemente, sanar ciertas partes de m\u00ed para llegar a ser quien soy. Espero, a trav\u00e9s de ellos, contribuir a un mundo mejor inspirando a otras almas para que se eleven y act\u00faen a su vez.<\/p>\n\n\n<div class=\"wp-block-image\">\n<figure class=\"alignleft size-full is-resized\"><img loading=\"lazy\" decoding=\"async\" src=\"https:\/\/destyneo.com\/wp-content\/uploads\/2022\/10\/livre-dor.jpg\" alt=\"\" class=\"wp-image-5551\" width=\"156\" height=\"134\" srcset=\"https:\/\/destyneo.com\/wp-content\/uploads\/2022\/10\/livre-dor.jpg 391w, https:\/\/destyneo.com\/wp-content\/uploads\/2022\/10\/livre-dor-300x259.jpg 300w\" sizes=\"auto, (max-width: 156px) 100vw, 156px\" \/><\/figure><\/div>\n\n\n<p class=\"has-white-color has-text-color\">&#8211;<\/p>\n\n\n\n<p>Gracias a las pocas personas que me han enviado comentarios positivos. Me llega al alma. Con su consentimiento, comparto sus palabras positivas en este libro de visitas \ud83d\ude42<\/p>\n\n\n\n<figure class=\"wp-block-gallery has-nested-images columns-default is-cropped wp-block-gallery-1 is-layout-flex wp-block-gallery-is-layout-flex\">\n<figure class=\"wp-block-image size-large\"><img loading=\"lazy\" decoding=\"async\" width=\"884\" height=\"527\" data-id=\"5571\" src=\"https:\/\/destyneo.com\/wp-content\/uploads\/2022\/10\/Screenshot_20220820-094022_Messenger-1.jpg\" alt=\"\" class=\"wp-image-5571\" srcset=\"https:\/\/destyneo.com\/wp-content\/uploads\/2022\/10\/Screenshot_20220820-094022_Messenger-1.jpg 884w, https:\/\/destyneo.com\/wp-content\/uploads\/2022\/10\/Screenshot_20220820-094022_Messenger-1-300x179.jpg 300w, https:\/\/destyneo.com\/wp-content\/uploads\/2022\/10\/Screenshot_20220820-094022_Messenger-1-768x458.jpg 768w\" sizes=\"auto, (max-width: 884px) 100vw, 884px\" \/><figcaption class=\"wp-element-caption\">Recibido en Facebook Messenger el 20\/08\/2022<\/figcaption><\/figure>\n\n\n\n<figure class=\"wp-block-image size-large\"><img loading=\"lazy\" decoding=\"async\" width=\"901\" height=\"603\" data-id=\"5568\" src=\"https:\/\/destyneo.com\/wp-content\/uploads\/2022\/10\/Screenshot_20220820-094013_TikTok-1.jpg\" alt=\"\" class=\"wp-image-5568\" srcset=\"https:\/\/destyneo.com\/wp-content\/uploads\/2022\/10\/Screenshot_20220820-094013_TikTok-1.jpg 901w, https:\/\/destyneo.com\/wp-content\/uploads\/2022\/10\/Screenshot_20220820-094013_TikTok-1-300x201.jpg 300w, https:\/\/destyneo.com\/wp-content\/uploads\/2022\/10\/Screenshot_20220820-094013_TikTok-1-768x514.jpg 768w\" sizes=\"auto, (max-width: 901px) 100vw, 901px\" \/><figcaption class=\"wp-element-caption\">Recibido en Facebook Messenger el 20\/08\/2022<\/figcaption><\/figure>\n<\/figure>\n","protected":false},"excerpt":{"rendered":"<p><span class=\"span-reading-time rt-reading-time\" style=\"display: block;\"><span class=\"rt-label rt-prefix\">Lecture \/ Reading \/ Lectura :<\/span> <span class=\"rt-time\"> &lt; 1<\/span> <span class=\"rt-label rt-postfix\">minute \/ minuto<\/span><\/span>A trav\u00e9s de mi blog, quiero compartir informaci\u00f3nes sobre diferentes temas. Algunos escritos llegar\u00e1n al coraz\u00f3n, otros ser\u00e1n m\u00e1s pragm\u00e1ticos, dar\u00e1n buenos consejos, y otros simplemente tratar\u00e1n de anclar la realidad frente al mundo de la mentira. Mi blog no&hellip; <\/p>\n","protected":false},"author":1,"featured_media":5553,"parent":133,"menu_order":3,"comment_status":"closed","ping_status":"closed","template":"","meta":{"_monsterinsights_skip_tracking":false,"_monsterinsights_sitenote_active":false,"_monsterinsights_sitenote_note":"","_monsterinsights_sitenote_category":0,"footnotes":""},"class_list":["post-6522","page","type-page","status-publish","has-post-thumbnail","hentry"],"aioseo_notices":[],"_links":{"self":[{"href":"https:\/\/destyneo.com\/es\/wp-json\/wp\/v2\/pages\/6522","targetHints":{"allow":["GET"]}}],"collection":[{"href":"https:\/\/destyneo.com\/es\/wp-json\/wp\/v2\/pages"}],"about":[{"href":"https:\/\/destyneo.com\/es\/wp-json\/wp\/v2\/types\/page"}],"author":[{"embeddable":true,"href":"https:\/\/destyneo.com\/es\/wp-json\/wp\/v2\/users\/1"}],"replies":[{"embeddable":true,"href":"https:\/\/destyneo.com\/es\/wp-json\/wp\/v2\/comments?post=6522"}],"version-history":[{"count":0,"href":"https:\/\/destyneo.com\/es\/wp-json\/wp\/v2\/pages\/6522\/revisions"}],"up":[{"embeddable":true,"href":"https:\/\/destyneo.com\/es\/wp-json\/wp\/v2\/pages\/133"}],"wp:featuredmedia":[{"embeddable":true,"href":"https:\/\/destyneo.com\/es\/wp-json\/wp\/v2\/media\/5553"}],"wp:attachment":[{"href":"https:\/\/destyneo.com\/es\/wp-json\/wp\/v2\/media?parent=6522"}],"curies":[{"name":"wp","href":"https:\/\/api.w.org\/{rel}","templated":true}]}}