{"id":231,"date":"2016-02-11T01:02:38","date_gmt":"2016-02-11T00:02:38","guid":{"rendered":"http:\/\/destyneo.com\/es\/?page_id=231"},"modified":"2025-01-12T15:50:04","modified_gmt":"2025-01-12T14:50:04","slug":"mi","status":"publish","type":"page","link":"https:\/\/destyneo.com\/es\/sobre\/mi\/","title":{"rendered":"M\u00ed"},"content":{"rendered":"<span class=\"span-reading-time rt-reading-time\" style=\"display: block;\"><span class=\"rt-label rt-prefix\">Lecture \/ Reading \/ Lectura :<\/span> <span class=\"rt-time\"> 3<\/span> <span class=\"rt-label rt-postfix\">minutes \/ minutos<\/span><\/span><p>Hola !<\/p>\n<p><a href=\"https:\/\/destyneo.com\/wp-content\/uploads\/2016\/02\/Sans-titre-1-150x150.png\" rel=\"attachment wp-att-239\"><img loading=\"lazy\" decoding=\"async\" class=\"wp-image-241 alignleft\" src=\"https:\/\/destyneo.com\/wp-content\/uploads\/2016\/02\/Sans-titre-1-150x150.png\" alt=\"Sans titre\" width=\"156\" height=\"156\" srcset=\"https:\/\/destyneo.com\/wp-content\/uploads\/2016\/02\/Sans-titre-1-150x150.png 150w, https:\/\/destyneo.com\/wp-content\/uploads\/2016\/02\/Sans-titre-1-230x230.png 230w\" sizes=\"auto, (max-width: 156px) 100vw, 156px\" \/><\/a><\/p>\n<p>Mi nombre es Cindy, soy una joven francesa. Apasionada de descubrir el mundo sola o con amigos o amigas. Me encanta bailar, practicar Ashtanga Vinyasa yoga, andar en bicicleta y tomar fotograf\u00edas de los bellos paisajes de nuestra planeta. T<span style=\"background: white;\">ambi\u00e9n estoy interesada en muchos temas sociales.<\/span><\/p>\n<p><span style=\"color: #cc99ff;\"><em><strong>El gusto por los viajes<\/strong><\/em><\/span> me vino a la edad de 10 a\u00f1os, cuando fui a mi primer campament de verano en Palavas les Flots en el sur de Francia. Fue una gran experiencia porque era la primera vez que vi el mar. Tuve el privilegio de ir a campamentos de verano y estancias ling\u00fc\u00edsticas cada verano hasta mis 16 a\u00f1os. Luego pas\u00e9 un examen franc\u00e9s llamado B.A.F.A. con el fin de ser animador de tiempo libre. As\u00ed que continu\u00e9 a trabajar \/ viajar durante mis estudios. Durante mis vacaciones escolares acompa\u00f1\u00e9 un grupo de ni\u00f1os a hacer esqu\u00ed en el invierno, y durante el verano a hacer viajes en cruceros con <a href=\"https:\/\/www.croisieurope.com\/\" target=\"_blank\" rel=\"noopener\">CroisiEurope<\/a>.<\/p>\n<p style=\"margin-top: 0pt; margin-bottom: 11pt; font-family: Helvetica; font-size: 10.5pt; color: #1d1d1d;\"><span style=\"background: white;\">Estudi\u00e9 <span style=\"color: #99ccff;\"><em><strong>derecho, econom\u00eda, administraci\u00f3n y finanzas<\/strong><\/em><\/span> y me especialic\u00e9 en control de gesti\u00f3n. Puede ser dif\u00edcil combinar los viajes y el trabajo en este tipo de profesi\u00f3n. He podido conciliar los dos aspectos con el <\/span><a href=\"https:\/\/mon-vie-via.businessfrance.fr\/\" target=\"_blank\" rel=\"noopener\"><span style=\"background: white;\">V.I.E. (Voluntariado Internacional en Negocios)<\/span><\/a><span style=\"background: white;\"> donde tuve la oportunidad de pasar un a\u00f1o en Inglaterra y un a\u00f1o en Espa\u00f1a con la empresa Faurecia, proveedor de automoci\u00f3n franc\u00e9s. Por razones familiares, mi instinto me dijo que volviera a Francia y me qued\u00e9 all\u00ed desde entonces. Hab\u00eda abandonado proyectos PVT (<\/span><a href=\"https:\/\/france-visas.gouv.fr\/es\/web\/france-visas\/joven-viajero\" target=\"_blank\" rel=\"noopener\"><span style=\"background: white;\">Programa de Vacaciones de Trabajo<\/span><\/a><span style=\"background: white;\">) en Australia, Nueva Zelanda, Argentina y Canad\u00e1. Por lo tanto, el futuro me ha reservado otro destino\u2026 Para obtener m\u00e1s informaci\u00f3n sobre mis logros profesionales, los invito a consultar mi <\/span><a href=\"https:\/\/www.linkedin.com\/in\/cindyschoeny\/?locale=es_ES\" target=\"_blank\" rel=\"noopener\"><span style=\"background: white;\">CV en LinkedIn<\/span><\/a><span style=\"background: white;\">.<\/span><\/p>\n<p style=\"margin-top: 0pt; margin-bottom: 11pt; font-family: Helvetica; font-size: 10.5pt; color: #1d1d1d;\"><span style=\"background: white;\"><span style=\"color: #ffcc00;\"><em><strong>Bail\u00e9<\/strong><\/em><\/span> mucho desde mi adolescencia hasta los 22 a\u00f1os (Hiphop, Ragga dancehall). Tuve la oportunidad de formar parte de varios grupos de baile y de hacer un a\u00f1o de Hiphop intenso en competici\u00f3n con la <\/span><a href=\"https:\/\/colmar.asptt.com\/manifestations\/\" target=\"_blank\" rel=\"noopener\"><span style=\"background: white;\">ASPTT de Colmar<\/span><\/a><span style=\"background: white;\">. Luego me met\u00ed en los bailes de pareja y m\u00e1s particularmente en los bailes afrolatinos (salsa, bachata, kizomba). Particip\u00e9 en muchos festivales en Inglaterra, Espa\u00f1a, Francia y Luxemburgo.<\/span><\/p>\n<p style=\"margin-top: 0pt; margin-bottom: 11pt; font-family: Helvetica; font-size: 10.5pt; color: #1d1d1d;\"><span style=\"background: white;\">Fue en Birmingham donde empez\u00e9 a hacer <span style=\"color: #ff00ff;\"><em><strong>yoga<\/strong><\/em><\/span>, en un gimnasio (LA fitness). En Pamplona, \u200b\u200bten\u00eda una pr\u00e1ctica constante de 2 veces por semana en el <\/span><a href=\"http:\/\/yogapamplona.eu\/\" target=\"_blank\" rel=\"noopener\"><span style=\"background: white;\">Yoga Studio Pamplona<\/span><\/a><span style=\"background: white;\">. Tambi\u00e9n particip\u00e9 en varios eventos de yoga y acroyoga, los fines de semana, en otras ciudades espa\u00f1olas. Cuando regres\u00e9 a Estrasburgo, continu\u00e9 con el yoga en Yogamoves. Luego, en 2017\/2018, iba una vez al mes a Pamplona a hacer una formaci\u00f3n de Hatha Vinyasa Yoga para profundizar mis conocimientos.<\/span><\/p>\n<p style=\"margin-top: 0pt; margin-bottom: 11pt; font-family: Helvetica; font-size: 10.5pt; color: #1d1d1d;\"><span style=\"background: white;\"><span style=\"color: #008000;\"><em><strong>Mi amor por la naturaleza<\/strong><\/em><\/span> lleg\u00f3 relativamente tarde ya que me concentraba en mis estudios. Fue especialmente durante mis viajes, a partir de 2014, cuando me encontr\u00e9 conmigo mismo, que comenc\u00e9 a admirar la belleza de la naturaleza. Durante este mismo per\u00edodo, tuve meses dif\u00edciles, debido a <\/span><a href=\"\/es\/?p=6914\" target=\"_blank\" rel=\"noopener\"><span style=\"background: white;\">una enorme conciencia<\/span><\/a><span style=\"background: white;\"> mundial del mundo en el que vivimos, de los suffrimientos y da\u00f1o que se le estamos haciendo a nuestro planeta, a los seres humanos y no humanos. Muchas lecturas y visionados, sufr\u00ed, acogida en una profunda empat\u00eda. Trat\u00e9 de dar un paso atr\u00e1s para no vivir en una ansiedad constante. M\u00e1s bien, me digo a m\u00ed mismo que hago lo mejor que puedo todos los d\u00edas. Hago las cosas en conciencia, agradezco mucho. Nadie es perfecto y no salvar\u00eda el mundo por mi cuenta.<\/span><\/p>\n<blockquote>\n<p style=\"margin-top: 0pt; margin-bottom: 11pt; font-family: Helvetica; font-size: 10.5pt; color: #1d1d1d;\"><span style=\"font-style: italic; background: white;\">Sin embargo, s\u00e9 que los peque\u00f1os arroyos hacen grandes r\u00edos.<\/span><\/p>\n<\/blockquote>\n<p style=\"margin-top: 0pt; margin-bottom: 11pt; font-family: Helvetica; font-size: 10.5pt; color: #1d1d1d;\"><span style=\"background: white;\">La crisis sanitaria de 2020 ha aumentado mi conciencia sobre la crisis sist\u00e9mica que estamos atravesando. Durante estos 2 a\u00f1os, escrib\u00ed mucho en mi sitio web. Se supon\u00eda que iba a relatar mis viajes en bicicleta, principalmente. Finalmente se convirti\u00f3 en un blog bastant<span style=\"color: #ff0000;\"><em><strong>e militante y comprometido<\/strong><\/em><\/span>.<\/span><\/p>\n<p style=\"margin-top: 0pt; margin-bottom: 11pt; font-family: Helvetica; font-size: 10.5pt; color: #1d1d1d;\"><span style=\"background: white;\">Estos dos \u00faltimos a\u00f1os han sido extremadamente ricos en encuentros, <\/span><a href=\"\/es\/?p=6749\" target=\"_blank\" rel=\"noopener\"><span style=\"background: white;\">descubrimientos de iniciativas ciudadanas<\/span><\/a><span style=\"background: white;\"> y co-creaciones:<\/span><\/p>\n<ul style=\"direction: ltr; unicode-bidi: embed; margin-top: 0in; margin-bottom: 0in;\" type=\"disc\">\n<li style=\"margin-top: 0pt; margin-bottom: 11pt; vertical-align: middle; color: #1d1d1d;\"><span style=\"font-family: Helvetica; font-size: 10.5pt; background: white;\">Fui seleccionada por sorteo como ciudadana dentro del <\/span><a href=\"https:\/\/www.strasbourg.eu\/comite-science-sante-societe\" target=\"_blank\" rel=\"nofollow noopener\"><span style=\"font-family: Helvetica; font-size: 10.5pt; background: white;\">Comit\u00e9 de Ciencias, Salud y Sociedad de Estrasburgo<\/span><\/a><span style=\"font-family: Helvetica; font-size: 10.5pt; background: white;\">.<\/span><\/li>\n<li style=\"margin-top: 0pt; margin-bottom: 11pt; vertical-align: middle; color: #1d1d1d;\"><span style=\"font-family: Helvetica; font-size: 10.5pt; background: white;\">Pude capacitarme para ser parlamentaria con la asociaci\u00f3n <\/span><a href=\"https:\/\/touselus.fr\/\" target=\"_blank\" rel=\"noopener\"><span style=\"font-family: Helvetica; font-size: 10.5pt; background: white;\">Tous \u00e9lus<\/span><\/a><span style=\"font-family: Helvetica; font-size: 10.5pt; background: white;\"> (Todos elegidos), lo que me permiti\u00f3 encabezar una campa\u00f1a electoral durante las elecciones departamentales para manifestar Un N\u00f4tre Monde (Un Nuestro Mundo).<\/span><\/li>\n<li style=\"margin-top: 0pt; margin-bottom: 11pt; vertical-align: middle; color: #1d1d1d;\"><span style=\"font-family: Helvetica; font-size: 10.5pt; background: white;\">Co-creamos el movimiento ciudadano <\/span><a href=\"https:\/\/enviedunnotremonde.fr\/\" target=\"_blank\" rel=\"noopener\"><span style=\"font-family: Helvetica; font-size: 10.5pt; background: white;\">EnVie d\u2019Un N\u00f4tre Monde<\/span><\/a><span style=\"font-family: Helvetica; font-size: 10.5pt; background: white;\"> (Deseo de Un Nuestro Mundo) para el que escrib\u00ed art\u00edculos.<\/span><\/li>\n<li style=\"margin-top: 0pt; margin-bottom: 11pt; vertical-align: middle; color: #1d1d1d;\"><span style=\"font-family: Helvetica; font-size: 10.5pt; background: white;\">Me he convertido en una participante multifresco (fresco <\/span><a href=\"https:\/\/fresqueduclimat.org\/\" target=\"_blank\" rel=\"noopener\"><span style=\"font-family: Helvetica; font-size: 10.5pt; background: white;\">del clima<\/span><\/a><span style=\"font-family: Helvetica; font-size: 10.5pt; background: white;\">, <\/span><a href=\"https:\/\/www.linkedin.com\/posts\/benjamin-casteillo-633a744b_sustainability-team-collaboration-activity-7014052401187856384-888H\/?utm_source=share&amp;utm_medium=member_desktop\" target=\"_blank\" rel=\"noopener\"><span style=\"font-family: Helvetica; font-size: 10.5pt; background: white;\">de la evoluci\u00f3n consciente<\/span><\/a><span style=\"font-family: Helvetica; font-size: 10.5pt; background: white;\"> y <\/span><a href=\"https:\/\/fresquedelamobilite.org\/\" target=\"_blank\" rel=\"noopener\"><span style=\"font-family: Helvetica; font-size: 10.5pt; background: white;\">de la movilidad<\/span><\/a><span style=\"font-family: Helvetica; font-size: 10.5pt; background: white;\">).<\/span><\/li>\n<\/ul>\n","protected":false},"excerpt":{"rendered":"<p><span class=\"span-reading-time rt-reading-time\" style=\"display: block;\"><span class=\"rt-label rt-prefix\">Lecture \/ Reading \/ Lectura :<\/span> <span class=\"rt-time\"> 3<\/span> <span class=\"rt-label rt-postfix\">minutes \/ minutos<\/span><\/span>Hola ! Mi nombre es Cindy, soy una joven francesa. Apasionada de descubrir el mundo sola o con amigos o amigas. Me encanta bailar, practicar Ashtanga Vinyasa yoga, andar en bicicleta y tomar fotograf\u00edas de los bellos paisajes de nuestra&hellip; <\/p>\n","protected":false},"author":1,"featured_media":0,"parent":133,"menu_order":1,"comment_status":"closed","ping_status":"closed","template":"","meta":{"_monsterinsights_skip_tracking":false,"_monsterinsights_sitenote_active":false,"_monsterinsights_sitenote_note":"","_monsterinsights_sitenote_category":0,"footnotes":""},"class_list":["post-231","page","type-page","status-publish","hentry"],"aioseo_notices":[],"_links":{"self":[{"href":"https:\/\/destyneo.com\/es\/wp-json\/wp\/v2\/pages\/231","targetHints":{"allow":["GET"]}}],"collection":[{"href":"https:\/\/destyneo.com\/es\/wp-json\/wp\/v2\/pages"}],"about":[{"href":"https:\/\/destyneo.com\/es\/wp-json\/wp\/v2\/types\/page"}],"author":[{"embeddable":true,"href":"https:\/\/destyneo.com\/es\/wp-json\/wp\/v2\/users\/1"}],"replies":[{"embeddable":true,"href":"https:\/\/destyneo.com\/es\/wp-json\/wp\/v2\/comments?post=231"}],"version-history":[{"count":0,"href":"https:\/\/destyneo.com\/es\/wp-json\/wp\/v2\/pages\/231\/revisions"}],"up":[{"embeddable":true,"href":"https:\/\/destyneo.com\/es\/wp-json\/wp\/v2\/pages\/133"}],"wp:attachment":[{"href":"https:\/\/destyneo.com\/es\/wp-json\/wp\/v2\/media?parent=231"}],"curies":[{"name":"wp","href":"https:\/\/api.w.org\/{rel}","templated":true}]}}